{"id":622,"date":"2013-10-23T18:06:11","date_gmt":"2013-10-23T16:06:11","guid":{"rendered":"http:\/\/regenbogenkiga.de\/kiga\/?page_id=622"},"modified":"2025-02-03T11:13:05","modified_gmt":"2025-02-03T09:13:05","slug":"unsere-gruppen","status":"publish","type":"page","link":"https:\/\/regenbogenkiga.de\/kiga\/unsere-gruppen\/","title":{"rendered":"Gruppen"},"content":{"rendered":"<p>T\u00e4glich besuchen uns zurzeit 97 Kinder im Alter von 2 &#8211; 6 Jahren. \u00dcber die folgenden Button k\u00f6nnen Sie sich einen Eindruck \u00fcber unsere f\u00fcnf Gruppen verschaffen.<\/p>\n<p>Bei unseren t\u00e4glichen Angeboten greifen wir die Interessen, Befindlichkeiten und Stimmungen der Kinder auf. Dies flie\u00dft thematisch z.B. in Freispielangebote, Stuhlkreise und Turnangebote mit ein. Die Mitarbeiter der Gruppe integrieren ihre unterschiedlichen Schwerpunkte und F\u00e4higkeiten in den p\u00e4dagogischen Alltag.<\/p>\n","protected":false},"excerpt":{"rendered":"<p>T\u00e4glich besuchen uns zurzeit 97 Kinder im Alter von 2 &#8211; 6 Jahren. \u00dcber die folgenden Button k\u00f6nnen Sie sich einen Eindruck \u00fcber unsere f\u00fcnf Gruppen verschaffen. Bei unseren t\u00e4glichen Angeboten greifen wir die Interessen, Befindlichkeiten und Stimmungen der Kinder &hellip;<span class=\"more-link\"><a href=\"https:\/\/regenbogenkiga.de\/kiga\/unsere-gruppen\/\"><span class=\"button\">Continue reading &rarr;<\/span><\/a><\/span><\/p>\n","protected":false},"author":1,"featured_media":0,"parent":0,"menu_order":0,"comment_status":"closed","ping_status":"closed","template":"","meta":{"ngg_post_thumbnail":0,"footnotes":""},"yoast_head":"<!-- This site is optimized with the Yoast SEO plugin v21.3 - https:\/\/yoast.com\/wordpress\/plugins\/seo\/ -->\n<title>Gruppen - Regenbogenkindergarten<\/title>\n<meta name=\"robots\" content=\"index, follow, max-snippet:-1, max-image-preview:large, max-video-preview:-1\" \/>\n<link rel=\"canonical\" href=\"https:\/\/regenbogenkiga.de\/kiga\/unsere-gruppen\/\" \/>\n<meta property=\"og:locale\" content=\"de_DE\" \/>\n<meta property=\"og:type\" content=\"article\" \/>\n<meta property=\"og:title\" content=\"Gruppen - Regenbogenkindergarten\" \/>\n<meta property=\"og:description\" content=\"T\u00e4glich besuchen uns zurzeit 97 Kinder im Alter von 2 &#8211; 6 Jahren. \u00dcber die folgenden Button k\u00f6nnen Sie sich einen Eindruck \u00fcber unsere f\u00fcnf Gruppen verschaffen. Bei unseren t\u00e4glichen Angeboten greifen wir die Interessen, Befindlichkeiten und Stimmungen der Kinder &hellip;Continue reading &rarr;\" \/>\n<meta property=\"og:url\" content=\"https:\/\/regenbogenkiga.de\/kiga\/unsere-gruppen\/\" \/>\n<meta property=\"og:site_name\" content=\"Regenbogenkindergarten\" \/>\n<meta property=\"article:modified_time\" content=\"2025-02-03T09:13:05+00:00\" \/>\n<meta name=\"twitter:label1\" content=\"Gesch\u00e4tzte Lesezeit\" \/>\n\t<meta name=\"twitter:data1\" content=\"1\u00a0Minute\" \/>\n<script type=\"application\/ld+json\" class=\"yoast-schema-graph\">{\"@context\":\"https:\/\/schema.org\",\"@graph\":[{\"@type\":\"WebPage\",\"@id\":\"https:\/\/regenbogenkiga.de\/kiga\/unsere-gruppen\/\",\"url\":\"https:\/\/regenbogenkiga.de\/kiga\/unsere-gruppen\/\",\"name\":\"Gruppen - Regenbogenkindergarten\",\"isPartOf\":{\"@id\":\"https:\/\/regenbogenkiga.de\/kiga\/#website\"},\"datePublished\":\"2013-10-23T16:06:11+00:00\",\"dateModified\":\"2025-02-03T09:13:05+00:00\",\"inLanguage\":\"de\",\"potentialAction\":[{\"@type\":\"ReadAction\",\"target\":[\"https:\/\/regenbogenkiga.de\/kiga\/unsere-gruppen\/\"]}]},{\"@type\":\"WebSite\",\"@id\":\"https:\/\/regenbogenkiga.de\/kiga\/#website\",\"url\":\"https:\/\/regenbogenkiga.de\/kiga\/\",\"name\":\"Regenbogenkindergarten\",\"description\":\"Elterninitiative Kindergarten Regenbogen e.V. -  Hamminkeln\",\"potentialAction\":[{\"@type\":\"SearchAction\",\"target\":{\"@type\":\"EntryPoint\",\"urlTemplate\":\"https:\/\/regenbogenkiga.de\/kiga\/?s={search_term_string}\"},\"query-input\":\"required name=search_term_string\"}],\"inLanguage\":\"de\"}]}<\/script>\n<!-- \/ Yoast SEO plugin. -->","yoast_head_json":{"title":"Gruppen - Regenbogenkindergarten","robots":{"index":"index","follow":"follow","max-snippet":"max-snippet:-1","max-image-preview":"max-image-preview:large","max-video-preview":"max-video-preview:-1"},"canonical":"https:\/\/regenbogenkiga.de\/kiga\/unsere-gruppen\/","og_locale":"de_DE","og_type":"article","og_title":"Gruppen - Regenbogenkindergarten","og_description":"T\u00e4glich besuchen uns zurzeit 97 Kinder im Alter von 2 &#8211; 6 Jahren. \u00dcber die folgenden Button k\u00f6nnen Sie sich einen Eindruck \u00fcber unsere f\u00fcnf Gruppen verschaffen. Bei unseren t\u00e4glichen Angeboten greifen wir die Interessen, Befindlichkeiten und Stimmungen der Kinder &hellip;Continue reading &rarr;","og_url":"https:\/\/regenbogenkiga.de\/kiga\/unsere-gruppen\/","og_site_name":"Regenbogenkindergarten","article_modified_time":"2025-02-03T09:13:05+00:00","twitter_misc":{"Gesch\u00e4tzte Lesezeit":"1\u00a0Minute"},"schema":{"@context":"https:\/\/schema.org","@graph":[{"@type":"WebPage","@id":"https:\/\/regenbogenkiga.de\/kiga\/unsere-gruppen\/","url":"https:\/\/regenbogenkiga.de\/kiga\/unsere-gruppen\/","name":"Gruppen - Regenbogenkindergarten","isPartOf":{"@id":"https:\/\/regenbogenkiga.de\/kiga\/#website"},"datePublished":"2013-10-23T16:06:11+00:00","dateModified":"2025-02-03T09:13:05+00:00","inLanguage":"de","potentialAction":[{"@type":"ReadAction","target":["https:\/\/regenbogenkiga.de\/kiga\/unsere-gruppen\/"]}]},{"@type":"WebSite","@id":"https:\/\/regenbogenkiga.de\/kiga\/#website","url":"https:\/\/regenbogenkiga.de\/kiga\/","name":"Regenbogenkindergarten","description":"Elterninitiative Kindergarten Regenbogen e.V. -  Hamminkeln","potentialAction":[{"@type":"SearchAction","target":{"@type":"EntryPoint","urlTemplate":"https:\/\/regenbogenkiga.de\/kiga\/?s={search_term_string}"},"query-input":"required name=search_term_string"}],"inLanguage":"de"}]}},"_links":{"self":[{"href":"https:\/\/regenbogenkiga.de\/kiga\/wp-json\/wp\/v2\/pages\/622"}],"collection":[{"href":"https:\/\/regenbogenkiga.de\/kiga\/wp-json\/wp\/v2\/pages"}],"about":[{"href":"https:\/\/regenbogenkiga.de\/kiga\/wp-json\/wp\/v2\/types\/page"}],"author":[{"embeddable":true,"href":"https:\/\/regenbogenkiga.de\/kiga\/wp-json\/wp\/v2\/users\/1"}],"replies":[{"embeddable":true,"href":"https:\/\/regenbogenkiga.de\/kiga\/wp-json\/wp\/v2\/comments?post=622"}],"version-history":[{"count":11,"href":"https:\/\/regenbogenkiga.de\/kiga\/wp-json\/wp\/v2\/pages\/622\/revisions"}],"predecessor-version":[{"id":1440,"href":"https:\/\/regenbogenkiga.de\/kiga\/wp-json\/wp\/v2\/pages\/622\/revisions\/1440"}],"wp:attachment":[{"href":"https:\/\/regenbogenkiga.de\/kiga\/wp-json\/wp\/v2\/media?parent=622"}],"curies":[{"name":"wp","href":"https:\/\/api.w.org\/{rel}","templated":true}]}}