{"id":262,"date":"2013-10-10T16:48:09","date_gmt":"2013-10-10T14:48:09","guid":{"rendered":"http:\/\/regenbogenkiga.de\/kiga\/?page_id=262"},"modified":"2014-03-25T14:12:48","modified_gmt":"2014-03-25T12:12:48","slug":"musik","status":"publish","type":"page","link":"https:\/\/regenbogenkiga.de\/kiga\/unsere-gruppen-2\/musik\/","title":{"rendered":"Musikangebote"},"content":{"rendered":"<p><!-- index.php -->\n<div\n\tclass=\"ngg-galleryoverview ngg-ajax-pagination-none\"\n\tid=\"ngg-gallery-333-1\">\n\n    \t<div class=\"slideshowlink\">\n        <a href='https:\/\/regenbogenkiga.de\/kiga\/unsere-gruppen-2\/musik\/nggallery\/slideshow'>[Show slideshow]<\/a>\n\t\t\n\t<\/div>\n\t\t\t<!-- Thumbnails -->\n\t\t\t\t<div id=\"ngg-image-0\" class=\"ngg-gallery-thumbnail-box\" >\n\t\t\t\t        <div class=\"ngg-gallery-thumbnail\">\n            <a href=\"https:\/\/regenbogenkiga.de\/kiga\/wp-content\/gallery\/musik\/_mg_0095.jpg\"\n               title=\"\"\n               data-src=\"https:\/\/regenbogenkiga.de\/kiga\/wp-content\/gallery\/musik\/_mg_0095.jpg\"\n               data-thumbnail=\"https:\/\/regenbogenkiga.de\/kiga\/wp-content\/gallery\/musik\/thumbs\/thumbs__mg_0095.jpg\"\n               data-image-id=\"57\"\n               data-title=\"_mg_0095\"\n               data-description=\"\"\n               data-image-slug=\"_mg_0095\"\n               class=\"ngg-fancybox\" rel=\"333\">\n                <img\n                    title=\"_mg_0095\"\n                    alt=\"_mg_0095\"\n                    src=\"https:\/\/regenbogenkiga.de\/kiga\/wp-content\/gallery\/musik\/thumbs\/thumbs__mg_0095.jpg\"\n                    width=\"120\"\n                    height=\"90\"\n                    style=\"max-width:100%;\"\n                \/>\n            <\/a>\n        <\/div>\n\t\t\t\t\t\t\t<\/div> \n\t\t\t\n        \n\t\t\t\t<div id=\"ngg-image-1\" class=\"ngg-gallery-thumbnail-box\" >\n\t\t\t\t        <div class=\"ngg-gallery-thumbnail\">\n            <a href=\"https:\/\/regenbogenkiga.de\/kiga\/wp-content\/gallery\/musik\/_mg_0096.jpg\"\n               title=\"\"\n               data-src=\"https:\/\/regenbogenkiga.de\/kiga\/wp-content\/gallery\/musik\/_mg_0096.jpg\"\n               data-thumbnail=\"https:\/\/regenbogenkiga.de\/kiga\/wp-content\/gallery\/musik\/thumbs\/thumbs__mg_0096.jpg\"\n               data-image-id=\"58\"\n               data-title=\"_mg_0096\"\n               data-description=\"\"\n               data-image-slug=\"_mg_0096\"\n               class=\"ngg-fancybox\" rel=\"333\">\n                <img\n                    title=\"_mg_0096\"\n                    alt=\"_mg_0096\"\n                    src=\"https:\/\/regenbogenkiga.de\/kiga\/wp-content\/gallery\/musik\/thumbs\/thumbs__mg_0096.jpg\"\n                    width=\"120\"\n                    height=\"90\"\n                    style=\"max-width:100%;\"\n                \/>\n            <\/a>\n        <\/div>\n\t\t\t\t\t\t\t<\/div> \n\t\t\t\n        \n\t\t\t\t<div id=\"ngg-image-2\" class=\"ngg-gallery-thumbnail-box\" >\n\t\t\t\t        <div class=\"ngg-gallery-thumbnail\">\n            <a href=\"https:\/\/regenbogenkiga.de\/kiga\/wp-content\/gallery\/musik\/_mg_0097.jpg\"\n               title=\"\"\n               data-src=\"https:\/\/regenbogenkiga.de\/kiga\/wp-content\/gallery\/musik\/_mg_0097.jpg\"\n               data-thumbnail=\"https:\/\/regenbogenkiga.de\/kiga\/wp-content\/gallery\/musik\/thumbs\/thumbs__mg_0097.jpg\"\n               data-image-id=\"59\"\n               data-title=\"_mg_0097\"\n               data-description=\"\"\n               data-image-slug=\"_mg_0097\"\n               class=\"ngg-fancybox\" rel=\"333\">\n                <img\n                    title=\"_mg_0097\"\n                    alt=\"_mg_0097\"\n                    src=\"https:\/\/regenbogenkiga.de\/kiga\/wp-content\/gallery\/musik\/thumbs\/thumbs__mg_0097.jpg\"\n                    width=\"120\"\n                    height=\"90\"\n                    style=\"max-width:100%;\"\n                \/>\n            <\/a>\n        <\/div>\n\t\t\t\t\t\t\t<\/div> \n\t\t\t\n        \n\t\t\t\t<div id=\"ngg-image-3\" class=\"ngg-gallery-thumbnail-box\" >\n\t\t\t\t        <div class=\"ngg-gallery-thumbnail\">\n            <a href=\"https:\/\/regenbogenkiga.de\/kiga\/wp-content\/gallery\/musik\/_mg_0098.jpg\"\n               title=\"\"\n               data-src=\"https:\/\/regenbogenkiga.de\/kiga\/wp-content\/gallery\/musik\/_mg_0098.jpg\"\n               data-thumbnail=\"https:\/\/regenbogenkiga.de\/kiga\/wp-content\/gallery\/musik\/thumbs\/thumbs__mg_0098.jpg\"\n               data-image-id=\"60\"\n               data-title=\"_mg_0098\"\n               data-description=\"\"\n               data-image-slug=\"_mg_0098\"\n               class=\"ngg-fancybox\" rel=\"333\">\n                <img\n                    title=\"_mg_0098\"\n                    alt=\"_mg_0098\"\n                    src=\"https:\/\/regenbogenkiga.de\/kiga\/wp-content\/gallery\/musik\/thumbs\/thumbs__mg_0098.jpg\"\n                    width=\"120\"\n                    height=\"90\"\n                    style=\"max-width:100%;\"\n                \/>\n            <\/a>\n        <\/div>\n\t\t\t\t\t\t\t<\/div> \n\t\t\t\n        \n\t\t\t\t<div id=\"ngg-image-4\" class=\"ngg-gallery-thumbnail-box\" >\n\t\t\t\t        <div class=\"ngg-gallery-thumbnail\">\n            <a href=\"https:\/\/regenbogenkiga.de\/kiga\/wp-content\/gallery\/musik\/_mg_0117.jpg\"\n               title=\"\"\n               data-src=\"https:\/\/regenbogenkiga.de\/kiga\/wp-content\/gallery\/musik\/_mg_0117.jpg\"\n               data-thumbnail=\"https:\/\/regenbogenkiga.de\/kiga\/wp-content\/gallery\/musik\/thumbs\/thumbs__mg_0117.jpg\"\n               data-image-id=\"61\"\n               data-title=\"_mg_0117\"\n               data-description=\"\"\n               data-image-slug=\"_mg_0117\"\n               class=\"ngg-fancybox\" rel=\"333\">\n                <img\n                    title=\"_mg_0117\"\n                    alt=\"_mg_0117\"\n                    src=\"https:\/\/regenbogenkiga.de\/kiga\/wp-content\/gallery\/musik\/thumbs\/thumbs__mg_0117.jpg\"\n                    width=\"120\"\n                    height=\"90\"\n                    style=\"max-width:100%;\"\n                \/>\n            <\/a>\n        <\/div>\n\t\t\t\t\t\t\t<\/div> \n\t\t\t\n        \n\t\t\t\t<div id=\"ngg-image-5\" class=\"ngg-gallery-thumbnail-box\" >\n\t\t\t\t        <div class=\"ngg-gallery-thumbnail\">\n            <a href=\"https:\/\/regenbogenkiga.de\/kiga\/wp-content\/gallery\/musik\/_mg_0118.jpg\"\n               title=\"\"\n               data-src=\"https:\/\/regenbogenkiga.de\/kiga\/wp-content\/gallery\/musik\/_mg_0118.jpg\"\n               data-thumbnail=\"https:\/\/regenbogenkiga.de\/kiga\/wp-content\/gallery\/musik\/thumbs\/thumbs__mg_0118.jpg\"\n               data-image-id=\"62\"\n               data-title=\"_mg_0118\"\n               data-description=\"\"\n               data-image-slug=\"_mg_0118\"\n               class=\"ngg-fancybox\" rel=\"333\">\n                <img\n                    title=\"_mg_0118\"\n                    alt=\"_mg_0118\"\n                    src=\"https:\/\/regenbogenkiga.de\/kiga\/wp-content\/gallery\/musik\/thumbs\/thumbs__mg_0118.jpg\"\n                    width=\"120\"\n                    height=\"90\"\n                    style=\"max-width:100%;\"\n                \/>\n            <\/a>\n        <\/div>\n\t\t\t\t\t\t\t<\/div> \n\t\t\t\n        \n\t\t\t\t<div id=\"ngg-image-6\" class=\"ngg-gallery-thumbnail-box\" >\n\t\t\t\t        <div class=\"ngg-gallery-thumbnail\">\n            <a href=\"https:\/\/regenbogenkiga.de\/kiga\/wp-content\/gallery\/musik\/_mg_0135.jpg\"\n               title=\"\"\n               data-src=\"https:\/\/regenbogenkiga.de\/kiga\/wp-content\/gallery\/musik\/_mg_0135.jpg\"\n               data-thumbnail=\"https:\/\/regenbogenkiga.de\/kiga\/wp-content\/gallery\/musik\/thumbs\/thumbs__mg_0135.jpg\"\n               data-image-id=\"63\"\n               data-title=\"_mg_0135\"\n               data-description=\"\"\n               data-image-slug=\"_mg_0135\"\n               class=\"ngg-fancybox\" rel=\"333\">\n                <img\n                    title=\"_mg_0135\"\n                    alt=\"_mg_0135\"\n                    src=\"https:\/\/regenbogenkiga.de\/kiga\/wp-content\/gallery\/musik\/thumbs\/thumbs__mg_0135.jpg\"\n                    width=\"120\"\n                    height=\"90\"\n                    style=\"max-width:100%;\"\n                \/>\n            <\/a>\n        <\/div>\n\t\t\t\t\t\t\t<\/div> \n\t\t\t\n        \n\t\t\t\t<div id=\"ngg-image-7\" class=\"ngg-gallery-thumbnail-box\" >\n\t\t\t\t        <div class=\"ngg-gallery-thumbnail\">\n            <a href=\"https:\/\/regenbogenkiga.de\/kiga\/wp-content\/gallery\/musik\/_mg_9969.jpg\"\n               title=\"\"\n               data-src=\"https:\/\/regenbogenkiga.de\/kiga\/wp-content\/gallery\/musik\/_mg_9969.jpg\"\n               data-thumbnail=\"https:\/\/regenbogenkiga.de\/kiga\/wp-content\/gallery\/musik\/thumbs\/thumbs__mg_9969.jpg\"\n               data-image-id=\"64\"\n               data-title=\"_mg_9969\"\n               data-description=\"\"\n               data-image-slug=\"_mg_9969\"\n               class=\"ngg-fancybox\" rel=\"333\">\n                <img\n                    title=\"_mg_9969\"\n                    alt=\"_mg_9969\"\n                    src=\"https:\/\/regenbogenkiga.de\/kiga\/wp-content\/gallery\/musik\/thumbs\/thumbs__mg_9969.jpg\"\n                    width=\"120\"\n                    height=\"90\"\n                    style=\"max-width:100%;\"\n                \/>\n            <\/a>\n        <\/div>\n\t\t\t\t\t\t\t<\/div> \n\t\t\t\n        \n\t\t\t\t<div id=\"ngg-image-8\" class=\"ngg-gallery-thumbnail-box\" >\n\t\t\t\t        <div class=\"ngg-gallery-thumbnail\">\n            <a href=\"https:\/\/regenbogenkiga.de\/kiga\/wp-content\/gallery\/musik\/_mg_9970.jpg\"\n               title=\"\"\n               data-src=\"https:\/\/regenbogenkiga.de\/kiga\/wp-content\/gallery\/musik\/_mg_9970.jpg\"\n               data-thumbnail=\"https:\/\/regenbogenkiga.de\/kiga\/wp-content\/gallery\/musik\/thumbs\/thumbs__mg_9970.jpg\"\n               data-image-id=\"65\"\n               data-title=\"_mg_9970\"\n               data-description=\"\"\n               data-image-slug=\"_mg_9970\"\n               class=\"ngg-fancybox\" rel=\"333\">\n                <img\n                    title=\"_mg_9970\"\n                    alt=\"_mg_9970\"\n                    src=\"https:\/\/regenbogenkiga.de\/kiga\/wp-content\/gallery\/musik\/thumbs\/thumbs__mg_9970.jpg\"\n                    width=\"120\"\n                    height=\"90\"\n                    style=\"max-width:100%;\"\n                \/>\n            <\/a>\n        <\/div>\n\t\t\t\t\t\t\t<\/div> \n\t\t\t\n        \n\t\t\t\t<div id=\"ngg-image-9\" class=\"ngg-gallery-thumbnail-box\" >\n\t\t\t\t        <div class=\"ngg-gallery-thumbnail\">\n            <a href=\"https:\/\/regenbogenkiga.de\/kiga\/wp-content\/gallery\/musik\/_mg_9971.jpg\"\n               title=\"\"\n               data-src=\"https:\/\/regenbogenkiga.de\/kiga\/wp-content\/gallery\/musik\/_mg_9971.jpg\"\n               data-thumbnail=\"https:\/\/regenbogenkiga.de\/kiga\/wp-content\/gallery\/musik\/thumbs\/thumbs__mg_9971.jpg\"\n               data-image-id=\"66\"\n               data-title=\"_mg_9971\"\n               data-description=\"\"\n               data-image-slug=\"_mg_9971\"\n               class=\"ngg-fancybox\" rel=\"333\">\n                <img\n                    title=\"_mg_9971\"\n                    alt=\"_mg_9971\"\n                    src=\"https:\/\/regenbogenkiga.de\/kiga\/wp-content\/gallery\/musik\/thumbs\/thumbs__mg_9971.jpg\"\n                    width=\"120\"\n                    height=\"90\"\n                    style=\"max-width:100%;\"\n                \/>\n            <\/a>\n        <\/div>\n\t\t\t\t\t\t\t<\/div> \n\t\t\t\n        \n\t\t\t\t<div id=\"ngg-image-10\" class=\"ngg-gallery-thumbnail-box\" >\n\t\t\t\t        <div class=\"ngg-gallery-thumbnail\">\n            <a href=\"https:\/\/regenbogenkiga.de\/kiga\/wp-content\/gallery\/musik\/_mg_9972.jpg\"\n               title=\"\"\n               data-src=\"https:\/\/regenbogenkiga.de\/kiga\/wp-content\/gallery\/musik\/_mg_9972.jpg\"\n               data-thumbnail=\"https:\/\/regenbogenkiga.de\/kiga\/wp-content\/gallery\/musik\/thumbs\/thumbs__mg_9972.jpg\"\n               data-image-id=\"67\"\n               data-title=\"_mg_9972\"\n               data-description=\"\"\n               data-image-slug=\"_mg_9972\"\n               class=\"ngg-fancybox\" rel=\"333\">\n                <img\n                    title=\"_mg_9972\"\n                    alt=\"_mg_9972\"\n                    src=\"https:\/\/regenbogenkiga.de\/kiga\/wp-content\/gallery\/musik\/thumbs\/thumbs__mg_9972.jpg\"\n                    width=\"120\"\n                    height=\"90\"\n                    style=\"max-width:100%;\"\n                \/>\n            <\/a>\n        <\/div>\n\t\t\t\t\t\t\t<\/div> \n\t\t\t\n        \n\t\t\t\t<div id=\"ngg-image-11\" class=\"ngg-gallery-thumbnail-box\" >\n\t\t\t\t        <div class=\"ngg-gallery-thumbnail\">\n            <a href=\"https:\/\/regenbogenkiga.de\/kiga\/wp-content\/gallery\/musik\/_mg_9973.jpg\"\n               title=\"\"\n               data-src=\"https:\/\/regenbogenkiga.de\/kiga\/wp-content\/gallery\/musik\/_mg_9973.jpg\"\n               data-thumbnail=\"https:\/\/regenbogenkiga.de\/kiga\/wp-content\/gallery\/musik\/thumbs\/thumbs__mg_9973.jpg\"\n               data-image-id=\"68\"\n               data-title=\"_mg_9973\"\n               data-description=\"\"\n               data-image-slug=\"_mg_9973\"\n               class=\"ngg-fancybox\" rel=\"333\">\n                <img\n                    title=\"_mg_9973\"\n                    alt=\"_mg_9973\"\n                    src=\"https:\/\/regenbogenkiga.de\/kiga\/wp-content\/gallery\/musik\/thumbs\/thumbs__mg_9973.jpg\"\n                    width=\"120\"\n                    height=\"90\"\n                    style=\"max-width:100%;\"\n                \/>\n            <\/a>\n        <\/div>\n\t\t\t\t\t\t\t<\/div> \n\t\t\t\n        \n\t\t\n\t\t<!-- Pagination -->\n\t<div class='ngg-clear'><\/div>\t<\/div>\n<\/p>\n<p><span style=\"font-size: 12px;\">Wir legen Wert darauf, dass m\u00f6glichst oft gesungen, musiziert und den Kindern Erfahrungen in diesem Bereich erm\u00f6glicht werden. In jeder Gruppe spielt mindestens eine Erzieherin ein Instrument. Tanz als Mittel des ganzheitlichen Erlebens und Ausdr\u00fcckens flie\u00dft h\u00e4ufig in die p\u00e4dagogische Arbeit ein.<\/span><\/p>\n<p><span style=\"font-size: 12px;\">Durch unterschiedliche Angebote st\u00e4rken\u00a0wir die Singfreude der Kinder und\u00a0f\u00f6rdern\u00a0das Experimentieren mit Kl\u00e4ngen.<\/span><\/p>\n<p><span style=\"font-size: 12px;\">Zurzeit werden durchgef\u00fchrt:<\/span><\/p>\n<ul>\n<li><span style=\"font-size: 12px;\">Liedeinf\u00fchrungen<\/span><\/li>\n<li><span style=\"font-size: 12px;\">Liedbegleitung durch Orffinstrumente<\/span><\/li>\n<li><span style=\"font-size: 12px;\">Singen im Freispiel und im Kreis<\/span><\/li>\n<li><span style=\"font-size: 12px;\">Musikalische R\u00e4tselrunden<\/span><\/li>\n<li><span style=\"font-size: 12px;\">Einsatz von CD\u00b4s und Kassetten als Lied, H\u00f6rspiel, Ger\u00e4usche erzeugen<\/span><\/li>\n<li><span style=\"font-size: 12px;\">Gemeinsames Singen in der Turnhalle<\/span><\/li>\n<li><span style=\"font-size: 12px;\">Klanggeschichten<\/span><\/li>\n<li><span style=\"font-size: 12px;\">Tanz und Rhythmusangebote<\/span><\/li>\n<\/ul>\n","protected":false},"excerpt":{"rendered":"<p>[Show slideshow] Wir legen Wert darauf, dass m\u00f6glichst oft gesungen, musiziert und den Kindern Erfahrungen in diesem Bereich erm\u00f6glicht werden. In jeder Gruppe spielt mindestens eine Erzieherin ein Instrument. Tanz als Mittel des ganzheitlichen Erlebens und Ausdr\u00fcckens flie\u00dft h\u00e4ufig in &hellip;<span class=\"more-link\"><a href=\"https:\/\/regenbogenkiga.de\/kiga\/unsere-gruppen-2\/musik\/\"><span class=\"button\">Continue reading &rarr;<\/span><\/a><\/span><\/p>\n","protected":false},"author":1,"featured_media":0,"parent":11,"menu_order":0,"comment_status":"closed","ping_status":"closed","template":"","meta":{"ngg_post_thumbnail":0,"footnotes":""},"yoast_head":"<!-- This site is optimized with the Yoast SEO plugin v21.3 - https:\/\/yoast.com\/wordpress\/plugins\/seo\/ -->\n<title>Musikangebote - Regenbogenkindergarten<\/title>\n<meta name=\"robots\" content=\"index, follow, max-snippet:-1, max-image-preview:large, max-video-preview:-1\" \/>\n<link rel=\"canonical\" href=\"https:\/\/regenbogenkiga.de\/kiga\/unsere-gruppen-2\/musik\/\" \/>\n<meta property=\"og:locale\" content=\"de_DE\" \/>\n<meta property=\"og:type\" content=\"article\" \/>\n<meta property=\"og:title\" content=\"Musikangebote - Regenbogenkindergarten\" \/>\n<meta property=\"og:description\" content=\"[Show slideshow] Wir legen Wert darauf, dass m\u00f6glichst oft gesungen, musiziert und den Kindern Erfahrungen in diesem Bereich erm\u00f6glicht werden. In jeder Gruppe spielt mindestens eine Erzieherin ein Instrument. Tanz als Mittel des ganzheitlichen Erlebens und Ausdr\u00fcckens flie\u00dft h\u00e4ufig in &hellip;Continue reading &rarr;\" \/>\n<meta property=\"og:url\" content=\"https:\/\/regenbogenkiga.de\/kiga\/unsere-gruppen-2\/musik\/\" \/>\n<meta property=\"og:site_name\" content=\"Regenbogenkindergarten\" \/>\n<meta property=\"article:modified_time\" content=\"2014-03-25T12:12:48+00:00\" \/>\n<meta property=\"og:image\" content=\"http:\/\/regenbogenkiga.de\/kiga\/nextgen-attach_to_post\/preview\/id--333\" \/>\n<meta name=\"twitter:label1\" content=\"Gesch\u00e4tzte Lesezeit\" \/>\n\t<meta name=\"twitter:data1\" content=\"1\u00a0Minute\" \/>\n<script type=\"application\/ld+json\" class=\"yoast-schema-graph\">{\"@context\":\"https:\/\/schema.org\",\"@graph\":[{\"@type\":\"WebPage\",\"@id\":\"https:\/\/regenbogenkiga.de\/kiga\/unsere-gruppen-2\/musik\/\",\"url\":\"https:\/\/regenbogenkiga.de\/kiga\/unsere-gruppen-2\/musik\/\",\"name\":\"Musikangebote - Regenbogenkindergarten\",\"isPartOf\":{\"@id\":\"https:\/\/regenbogenkiga.de\/kiga\/#website\"},\"datePublished\":\"2013-10-10T14:48:09+00:00\",\"dateModified\":\"2014-03-25T12:12:48+00:00\",\"breadcrumb\":{\"@id\":\"https:\/\/regenbogenkiga.de\/kiga\/unsere-gruppen-2\/musik\/#breadcrumb\"},\"inLanguage\":\"de\",\"potentialAction\":[{\"@type\":\"ReadAction\",\"target\":[\"https:\/\/regenbogenkiga.de\/kiga\/unsere-gruppen-2\/musik\/\"]}]},{\"@type\":\"BreadcrumbList\",\"@id\":\"https:\/\/regenbogenkiga.de\/kiga\/unsere-gruppen-2\/musik\/#breadcrumb\",\"itemListElement\":[{\"@type\":\"ListItem\",\"position\":1,\"name\":\"P\u00e4dagogik\",\"item\":\"https:\/\/regenbogenkiga.de\/kiga\/unsere-gruppen-2\/\"},{\"@type\":\"ListItem\",\"position\":2,\"name\":\"Musikangebote\"}]},{\"@type\":\"WebSite\",\"@id\":\"https:\/\/regenbogenkiga.de\/kiga\/#website\",\"url\":\"https:\/\/regenbogenkiga.de\/kiga\/\",\"name\":\"Regenbogenkindergarten\",\"description\":\"Elterninitiative Kindergarten Regenbogen e.V. -  Hamminkeln\",\"potentialAction\":[{\"@type\":\"SearchAction\",\"target\":{\"@type\":\"EntryPoint\",\"urlTemplate\":\"https:\/\/regenbogenkiga.de\/kiga\/?s={search_term_string}\"},\"query-input\":\"required name=search_term_string\"}],\"inLanguage\":\"de\"}]}<\/script>\n<!-- \/ Yoast SEO plugin. -->","yoast_head_json":{"title":"Musikangebote - Regenbogenkindergarten","robots":{"index":"index","follow":"follow","max-snippet":"max-snippet:-1","max-image-preview":"max-image-preview:large","max-video-preview":"max-video-preview:-1"},"canonical":"https:\/\/regenbogenkiga.de\/kiga\/unsere-gruppen-2\/musik\/","og_locale":"de_DE","og_type":"article","og_title":"Musikangebote - Regenbogenkindergarten","og_description":"[Show slideshow] Wir legen Wert darauf, dass m\u00f6glichst oft gesungen, musiziert und den Kindern Erfahrungen in diesem Bereich erm\u00f6glicht werden. In jeder Gruppe spielt mindestens eine Erzieherin ein Instrument. Tanz als Mittel des ganzheitlichen Erlebens und Ausdr\u00fcckens flie\u00dft h\u00e4ufig in &hellip;Continue reading &rarr;","og_url":"https:\/\/regenbogenkiga.de\/kiga\/unsere-gruppen-2\/musik\/","og_site_name":"Regenbogenkindergarten","article_modified_time":"2014-03-25T12:12:48+00:00","og_image":[{"url":"http:\/\/regenbogenkiga.de\/kiga\/nextgen-attach_to_post\/preview\/id--333"}],"twitter_misc":{"Gesch\u00e4tzte Lesezeit":"1\u00a0Minute"},"schema":{"@context":"https:\/\/schema.org","@graph":[{"@type":"WebPage","@id":"https:\/\/regenbogenkiga.de\/kiga\/unsere-gruppen-2\/musik\/","url":"https:\/\/regenbogenkiga.de\/kiga\/unsere-gruppen-2\/musik\/","name":"Musikangebote - Regenbogenkindergarten","isPartOf":{"@id":"https:\/\/regenbogenkiga.de\/kiga\/#website"},"datePublished":"2013-10-10T14:48:09+00:00","dateModified":"2014-03-25T12:12:48+00:00","breadcrumb":{"@id":"https:\/\/regenbogenkiga.de\/kiga\/unsere-gruppen-2\/musik\/#breadcrumb"},"inLanguage":"de","potentialAction":[{"@type":"ReadAction","target":["https:\/\/regenbogenkiga.de\/kiga\/unsere-gruppen-2\/musik\/"]}]},{"@type":"BreadcrumbList","@id":"https:\/\/regenbogenkiga.de\/kiga\/unsere-gruppen-2\/musik\/#breadcrumb","itemListElement":[{"@type":"ListItem","position":1,"name":"P\u00e4dagogik","item":"https:\/\/regenbogenkiga.de\/kiga\/unsere-gruppen-2\/"},{"@type":"ListItem","position":2,"name":"Musikangebote"}]},{"@type":"WebSite","@id":"https:\/\/regenbogenkiga.de\/kiga\/#website","url":"https:\/\/regenbogenkiga.de\/kiga\/","name":"Regenbogenkindergarten","description":"Elterninitiative Kindergarten Regenbogen e.V. -  Hamminkeln","potentialAction":[{"@type":"SearchAction","target":{"@type":"EntryPoint","urlTemplate":"https:\/\/regenbogenkiga.de\/kiga\/?s={search_term_string}"},"query-input":"required name=search_term_string"}],"inLanguage":"de"}]}},"_links":{"self":[{"href":"https:\/\/regenbogenkiga.de\/kiga\/wp-json\/wp\/v2\/pages\/262"}],"collection":[{"href":"https:\/\/regenbogenkiga.de\/kiga\/wp-json\/wp\/v2\/pages"}],"about":[{"href":"https:\/\/regenbogenkiga.de\/kiga\/wp-json\/wp\/v2\/types\/page"}],"author":[{"embeddable":true,"href":"https:\/\/regenbogenkiga.de\/kiga\/wp-json\/wp\/v2\/users\/1"}],"replies":[{"embeddable":true,"href":"https:\/\/regenbogenkiga.de\/kiga\/wp-json\/wp\/v2\/comments?post=262"}],"version-history":[{"count":9,"href":"https:\/\/regenbogenkiga.de\/kiga\/wp-json\/wp\/v2\/pages\/262\/revisions"}],"predecessor-version":[{"id":780,"href":"https:\/\/regenbogenkiga.de\/kiga\/wp-json\/wp\/v2\/pages\/262\/revisions\/780"}],"up":[{"embeddable":true,"href":"https:\/\/regenbogenkiga.de\/kiga\/wp-json\/wp\/v2\/pages\/11"}],"wp:attachment":[{"href":"https:\/\/regenbogenkiga.de\/kiga\/wp-json\/wp\/v2\/media?parent=262"}],"curies":[{"name":"wp","href":"https:\/\/api.w.org\/{rel}","templated":true}]}}