{"id":260,"date":"2013-10-10T16:47:41","date_gmt":"2013-10-10T14:47:41","guid":{"rendered":"http:\/\/regenbogenkiga.de\/kiga\/?page_id=260"},"modified":"2016-09-21T14:58:55","modified_gmt":"2016-09-21T12:58:55","slug":"bewegung","status":"publish","type":"page","link":"https:\/\/regenbogenkiga.de\/kiga\/unsere-gruppen-2\/bewegung\/","title":{"rendered":"Bewegungsangebote"},"content":{"rendered":"<p>F\u00fcr die Pers\u00f6nlichkeitswerdung des Kindes spielt die Bewegung eine zentrale Rolle. Durch Bewegung lernen Kinder sich, ihren K\u00f6rper, ihre Umwelt und ihre Mitmenschen kennen.<\/p>\n<p>Wir legen Wert auf:<\/p>\n<ul>\n<li>t\u00e4gliches Spielen im Freien<\/li>\n<li>Turn- und Bewegungsangebote<\/li>\n<li>Feldspazierg\u00e4nge<\/li>\n<li>Laufgruppen<\/li>\n<li>Waldprojekte<\/li>\n<\/ul>\n<p>Seit 2007 sind wir \u201eAnerkannter Bewegungskindergarten des Landessportbundes NRW\u201c. Unser Team nimmt regelm\u00e4\u00dfig an Qualifizierungsma\u00dfnahmen teil.<\/p>\n<p><strong>Physiotherapie und Ergotherapie<\/strong><\/p>\n<p>Seit dem 01.08.2016 \u00fcbernimmt die Praxis Neu-Locker die Umsetzung der \u00e4rztlichen Verordnung f\u00fcr F\u00f6rderkinder in unserer Einrichtung.<\/p>\n<p>Je nach Rezept, finden die F\u00f6rderangebote in diesen Bereichen ein &#8211; zweimal w\u00f6chentlich statt.<\/p>\n<p>&nbsp;<\/p>\n<ul>\n<li>Wahrnehmungsf\u00f6rderung<\/li>\n<li>Grobmotorik<\/li>\n<li>Feinmotorik<\/li>\n<li>Kognition<\/li>\n<li>Sozial-Emotionalit\u00e4t<\/li>\n<\/ul>\n<p>Das Zusammenspiel der Bereiche ist wichtig, um eine Verkn\u00fcpfung von k\u00f6rperlichen, geistigen, seelischen und sozialen Prozessen zu erreichen.<\/p>\n","protected":false},"excerpt":{"rendered":"<p>F\u00fcr die Pers\u00f6nlichkeitswerdung des Kindes spielt die Bewegung eine zentrale Rolle. Durch Bewegung lernen Kinder sich, ihren K\u00f6rper, ihre Umwelt und ihre Mitmenschen kennen. Wir legen Wert auf: t\u00e4gliches Spielen im Freien Turn- und Bewegungsangebote Feldspazierg\u00e4nge Laufgruppen Waldprojekte Seit 2007 &hellip;<span class=\"more-link\"><a href=\"https:\/\/regenbogenkiga.de\/kiga\/unsere-gruppen-2\/bewegung\/\"><span class=\"button\">Continue reading &rarr;<\/span><\/a><\/span><\/p>\n","protected":false},"author":1,"featured_media":0,"parent":11,"menu_order":0,"comment_status":"closed","ping_status":"closed","template":"","meta":{"ngg_post_thumbnail":0,"footnotes":""},"yoast_head":"<!-- This site is optimized with the Yoast SEO plugin v21.3 - https:\/\/yoast.com\/wordpress\/plugins\/seo\/ -->\n<title>Bewegungsangebote - Regenbogenkindergarten<\/title>\n<meta name=\"robots\" content=\"index, follow, max-snippet:-1, max-image-preview:large, max-video-preview:-1\" \/>\n<link rel=\"canonical\" href=\"https:\/\/regenbogenkiga.de\/kiga\/unsere-gruppen-2\/bewegung\/\" \/>\n<meta property=\"og:locale\" content=\"de_DE\" \/>\n<meta property=\"og:type\" content=\"article\" \/>\n<meta property=\"og:title\" content=\"Bewegungsangebote - Regenbogenkindergarten\" \/>\n<meta property=\"og:description\" content=\"F\u00fcr die Pers\u00f6nlichkeitswerdung des Kindes spielt die Bewegung eine zentrale Rolle. Durch Bewegung lernen Kinder sich, ihren K\u00f6rper, ihre Umwelt und ihre Mitmenschen kennen. Wir legen Wert auf: t\u00e4gliches Spielen im Freien Turn- und Bewegungsangebote Feldspazierg\u00e4nge Laufgruppen Waldprojekte Seit 2007 &hellip;Continue reading &rarr;\" \/>\n<meta property=\"og:url\" content=\"https:\/\/regenbogenkiga.de\/kiga\/unsere-gruppen-2\/bewegung\/\" \/>\n<meta property=\"og:site_name\" content=\"Regenbogenkindergarten\" \/>\n<meta property=\"article:modified_time\" content=\"2016-09-21T12:58:55+00:00\" \/>\n<meta name=\"twitter:label1\" content=\"Gesch\u00e4tzte Lesezeit\" \/>\n\t<meta name=\"twitter:data1\" content=\"1\u00a0Minute\" \/>\n<script type=\"application\/ld+json\" class=\"yoast-schema-graph\">{\"@context\":\"https:\/\/schema.org\",\"@graph\":[{\"@type\":\"WebPage\",\"@id\":\"https:\/\/regenbogenkiga.de\/kiga\/unsere-gruppen-2\/bewegung\/\",\"url\":\"https:\/\/regenbogenkiga.de\/kiga\/unsere-gruppen-2\/bewegung\/\",\"name\":\"Bewegungsangebote - Regenbogenkindergarten\",\"isPartOf\":{\"@id\":\"https:\/\/regenbogenkiga.de\/kiga\/#website\"},\"datePublished\":\"2013-10-10T14:47:41+00:00\",\"dateModified\":\"2016-09-21T12:58:55+00:00\",\"breadcrumb\":{\"@id\":\"https:\/\/regenbogenkiga.de\/kiga\/unsere-gruppen-2\/bewegung\/#breadcrumb\"},\"inLanguage\":\"de\",\"potentialAction\":[{\"@type\":\"ReadAction\",\"target\":[\"https:\/\/regenbogenkiga.de\/kiga\/unsere-gruppen-2\/bewegung\/\"]}]},{\"@type\":\"BreadcrumbList\",\"@id\":\"https:\/\/regenbogenkiga.de\/kiga\/unsere-gruppen-2\/bewegung\/#breadcrumb\",\"itemListElement\":[{\"@type\":\"ListItem\",\"position\":1,\"name\":\"P\u00e4dagogik\",\"item\":\"https:\/\/regenbogenkiga.de\/kiga\/unsere-gruppen-2\/\"},{\"@type\":\"ListItem\",\"position\":2,\"name\":\"Bewegungsangebote\"}]},{\"@type\":\"WebSite\",\"@id\":\"https:\/\/regenbogenkiga.de\/kiga\/#website\",\"url\":\"https:\/\/regenbogenkiga.de\/kiga\/\",\"name\":\"Regenbogenkindergarten\",\"description\":\"Elterninitiative Kindergarten Regenbogen e.V. -  Hamminkeln\",\"potentialAction\":[{\"@type\":\"SearchAction\",\"target\":{\"@type\":\"EntryPoint\",\"urlTemplate\":\"https:\/\/regenbogenkiga.de\/kiga\/?s={search_term_string}\"},\"query-input\":\"required name=search_term_string\"}],\"inLanguage\":\"de\"}]}<\/script>\n<!-- \/ Yoast SEO plugin. -->","yoast_head_json":{"title":"Bewegungsangebote - Regenbogenkindergarten","robots":{"index":"index","follow":"follow","max-snippet":"max-snippet:-1","max-image-preview":"max-image-preview:large","max-video-preview":"max-video-preview:-1"},"canonical":"https:\/\/regenbogenkiga.de\/kiga\/unsere-gruppen-2\/bewegung\/","og_locale":"de_DE","og_type":"article","og_title":"Bewegungsangebote - Regenbogenkindergarten","og_description":"F\u00fcr die Pers\u00f6nlichkeitswerdung des Kindes spielt die Bewegung eine zentrale Rolle. Durch Bewegung lernen Kinder sich, ihren K\u00f6rper, ihre Umwelt und ihre Mitmenschen kennen. Wir legen Wert auf: t\u00e4gliches Spielen im Freien Turn- und Bewegungsangebote Feldspazierg\u00e4nge Laufgruppen Waldprojekte Seit 2007 &hellip;Continue reading &rarr;","og_url":"https:\/\/regenbogenkiga.de\/kiga\/unsere-gruppen-2\/bewegung\/","og_site_name":"Regenbogenkindergarten","article_modified_time":"2016-09-21T12:58:55+00:00","twitter_misc":{"Gesch\u00e4tzte Lesezeit":"1\u00a0Minute"},"schema":{"@context":"https:\/\/schema.org","@graph":[{"@type":"WebPage","@id":"https:\/\/regenbogenkiga.de\/kiga\/unsere-gruppen-2\/bewegung\/","url":"https:\/\/regenbogenkiga.de\/kiga\/unsere-gruppen-2\/bewegung\/","name":"Bewegungsangebote - Regenbogenkindergarten","isPartOf":{"@id":"https:\/\/regenbogenkiga.de\/kiga\/#website"},"datePublished":"2013-10-10T14:47:41+00:00","dateModified":"2016-09-21T12:58:55+00:00","breadcrumb":{"@id":"https:\/\/regenbogenkiga.de\/kiga\/unsere-gruppen-2\/bewegung\/#breadcrumb"},"inLanguage":"de","potentialAction":[{"@type":"ReadAction","target":["https:\/\/regenbogenkiga.de\/kiga\/unsere-gruppen-2\/bewegung\/"]}]},{"@type":"BreadcrumbList","@id":"https:\/\/regenbogenkiga.de\/kiga\/unsere-gruppen-2\/bewegung\/#breadcrumb","itemListElement":[{"@type":"ListItem","position":1,"name":"P\u00e4dagogik","item":"https:\/\/regenbogenkiga.de\/kiga\/unsere-gruppen-2\/"},{"@type":"ListItem","position":2,"name":"Bewegungsangebote"}]},{"@type":"WebSite","@id":"https:\/\/regenbogenkiga.de\/kiga\/#website","url":"https:\/\/regenbogenkiga.de\/kiga\/","name":"Regenbogenkindergarten","description":"Elterninitiative Kindergarten Regenbogen e.V. -  Hamminkeln","potentialAction":[{"@type":"SearchAction","target":{"@type":"EntryPoint","urlTemplate":"https:\/\/regenbogenkiga.de\/kiga\/?s={search_term_string}"},"query-input":"required name=search_term_string"}],"inLanguage":"de"}]}},"_links":{"self":[{"href":"https:\/\/regenbogenkiga.de\/kiga\/wp-json\/wp\/v2\/pages\/260"}],"collection":[{"href":"https:\/\/regenbogenkiga.de\/kiga\/wp-json\/wp\/v2\/pages"}],"about":[{"href":"https:\/\/regenbogenkiga.de\/kiga\/wp-json\/wp\/v2\/types\/page"}],"author":[{"embeddable":true,"href":"https:\/\/regenbogenkiga.de\/kiga\/wp-json\/wp\/v2\/users\/1"}],"replies":[{"embeddable":true,"href":"https:\/\/regenbogenkiga.de\/kiga\/wp-json\/wp\/v2\/comments?post=260"}],"version-history":[{"count":9,"href":"https:\/\/regenbogenkiga.de\/kiga\/wp-json\/wp\/v2\/pages\/260\/revisions"}],"predecessor-version":[{"id":1042,"href":"https:\/\/regenbogenkiga.de\/kiga\/wp-json\/wp\/v2\/pages\/260\/revisions\/1042"}],"up":[{"embeddable":true,"href":"https:\/\/regenbogenkiga.de\/kiga\/wp-json\/wp\/v2\/pages\/11"}],"wp:attachment":[{"href":"https:\/\/regenbogenkiga.de\/kiga\/wp-json\/wp\/v2\/media?parent=260"}],"curies":[{"name":"wp","href":"https:\/\/api.w.org\/{rel}","templated":true}]}}